{"id":43,"date":"2018-06-27T14:40:47","date_gmt":"2018-06-27T17:40:47","guid":{"rendered":"https:\/\/www.proyectopci.com.uy\/?page_id=43"},"modified":"2018-07-20T11:47:56","modified_gmt":"2018-07-20T14:47:56","slug":"empresa","status":"publish","type":"page","link":"https:\/\/www.proyectopci.com.uy\/index.php\/empresa\/","title":{"rendered":"Empresa"},"content":{"rendered":"[vc_row type=\u00bbfull_width_content\u00bb full_screen_row_position=\u00bbmiddle\u00bb equal_height=\u00bbyes\u00bb content_placement=\u00bbmiddle\u00bb full_height=\u00bbyes\u00bb columns_placement=\u00bbstretch\u00bb scene_position=\u00bbcenter\u00bb text_color=\u00bbcustom\u00bb custom_text_color=\u00bb#424242&#8243; text_align=\u00bbleft\u00bb overlay_strength=\u00bb1&#8243; shape_divider_position=\u00bbbottom\u00bb shape_type=\u00bb\u00bb][vc_column column_padding=\u00bbpadding-5-percent\u00bb column_padding_position=\u00bball\u00bb background_color_opacity=\u00bb1&#8243; background_hover_color_opacity=\u00bb1&#8243; column_shadow=\u00bbnone\u00bb column_border_radius=\u00bbnone\u00bb width=\u00bb1\/2&#8243; tablet_text_alignment=\u00bbdefault\u00bb phone_text_alignment=\u00bbdefault\u00bb column_border_width=\u00bbnone\u00bb column_border_style=\u00bbsolid\u00bb][vc_row_inner column_margin=\u00bbdefault\u00bb text_align=\u00bbleft\u00bb][vc_column_inner enable_animation=\u00bbtrue\u00bb animation=\u00bbfade-in-from-bottom\u00bb column_padding=\u00bbno-extra-padding\u00bb column_padding_position=\u00bball\u00bb background_color_opacity=\u00bb1&#8243; background_hover_color_opacity=\u00bb1&#8243; column_shadow=\u00bbnone\u00bb column_border_radius=\u00bbnone\u00bb width=\u00bb1\/1&#8243; column_border_width=\u00bbnone\u00bb column_border_style=\u00bbsolid\u00bb][nectar_animated_title heading_tag=\u00bbh6&#8243; style=\u00bbcolor-strip-reveal\u00bb color=\u00bbAccent-Color\u00bb text=\u00bbLa Empresa\u00bb][\/vc_column_inner][\/vc_row_inner][vc_row_inner column_margin=\u00bbdefault\u00bb text_align=\u00bbleft\u00bb][vc_column_inner enable_animation=\u00bbtrue\u00bb animation=\u00bbfade-in-from-bottom\u00bb column_padding=\u00bbno-extra-padding\u00bb column_padding_position=\u00bball\u00bb background_color_opacity=\u00bb1&#8243; background_hover_color_opacity=\u00bb1&#8243; column_shadow=\u00bbnone\u00bb column_border_radius=\u00bbnone\u00bb width=\u00bb1\/1&#8243; column_border_width=\u00bbnone\u00bb column_border_style=\u00bbsolid\u00bb delay=\u00bb100&#8243;][nectar_gradient_text heading_tag=\u00bbh1&#8243; color=\u00bbextra-color-gradient-2&#8243; gradient_direction=\u00bbhorizontal\u00bb text=\u00bbProyecto PCI es una empresa con formaci\u00f3n curricular en Ingenier\u00eda, Arquitectura y Urbanismo.\u00bb][\/vc_column_inner][\/vc_row_inner][vc_row_inner column_margin=\u00bbdefault\u00bb text_align=\u00bbleft\u00bb][vc_column_inner enable_animation=\u00bbtrue\u00bb animation=\u00bbfade-in-from-bottom\u00bb column_padding=\u00bbno-extra-padding\u00bb column_padding_position=\u00bball\u00bb background_color_opacity=\u00bb1&#8243; background_hover_color_opacity=\u00bb1&#8243; column_shadow=\u00bbnone\u00bb column_border_radius=\u00bbnone\u00bb width=\u00bb1\/1&#8243; column_border_width=\u00bbnone\u00bb column_border_style=\u00bbsolid\u00bb delay=\u00bb200&#8243;][vc_column_text css=\u00bb.vc_custom_1530231731770{margin-top: 30px !important;margin-bottom: 30px !important;}\u00bb]Contamos con experiencia en protecci\u00f3n contra incendios, calidad y gesti\u00f3n. Son pilares de la empresa trato personalizado con el cliente, enfoque en las soluciones, as\u00ed como la especializaci\u00f3n de los integrantes de nuestro equipo.<\/p>\n<p>La inversi\u00f3n est\u00e1 dirigida a la capacitaci\u00f3n permanente de los t\u00e9cnicos. Nos ubicamos en un punto estrat\u00e9gico de la ciudad de Montevideo, para posibilitar la realizaci\u00f3n de gestiones de forma \u00e1gil y eficaz, y con capacidad para atender el interior del pa\u00eds con la misma solvencia.<\/p>\n<p>Le ofrecemos al cliente un trato cuidadoso, que permite la formaci\u00f3n de un \u00e1mbito de intercambio, fomentando el trabajo en equipo, optimizando los resultados en el corto y largo plazo.<\/p>\n<p>Visi\u00f3n global del negocio y empresa que permiten desarrollar proyectos integrales adecuados a cada realidad.[\/vc_column_text][\/vc_column_inner][\/vc_row_inner][vc_row_inner column_margin=\u00bbdefault\u00bb text_align=\u00bbleft\u00bb][vc_column_inner enable_animation=\u00bbtrue\u00bb animation=\u00bbfade-in-from-bottom\u00bb column_padding=\u00bbno-extra-padding\u00bb column_padding_position=\u00bball\u00bb background_color_opacity=\u00bb1&#8243; background_hover_color_opacity=\u00bb1&#8243; column_shadow=\u00bbnone\u00bb column_border_radius=\u00bbnone\u00bb width=\u00bb1\/1&#8243; column_border_width=\u00bbnone\u00bb column_border_style=\u00bbsolid\u00bb delay=\u00bb300&#8243;][nectar_icon icon_family=\u00bbiconsmind\u00bb icon_style=\u00bbdefault\u00bb icon_color=\u00bbextra-color-gradient-1&#8243; open_new_tab=\u00bbtrue\u00bb icon_padding=\u00bb20px\u00bb icon_iconsmind=\u00bbiconsmind-Facebook-2&#8243; icon_size=\u00bb29&#8243; margin_left=\u00bb-20px\u00bb url=\u00bb#\u00bb][nectar_icon icon_family=\u00bbiconsmind\u00bb icon_style=\u00bbdefault\u00bb icon_color=\u00bbextra-color-gradient-1&#8243; open_new_tab=\u00bbtrue\u00bb icon_padding=\u00bb20px\u00bb icon_iconsmind=\u00bbiconsmind-Twitter\u00bb icon_size=\u00bb29&#8243; url=\u00bb#\u00bb][\/vc_column_inner][\/vc_row_inner][\/vc_column][vc_column enable_animation=\u00bbtrue\u00bb animation=\u00bbfade-in-from-left\u00bb column_padding=\u00bbno-extra-padding\u00bb column_padding_position=\u00bball\u00bb background_color=\u00bb#5a367a\u00bb background_color_opacity=\u00bb0.5&#8243; background_hover_color_opacity=\u00bb1&#8243; background_image=\u00bb237&#8243; enable_bg_scale=\u00bbtrue\u00bb column_shadow=\u00bbnone\u00bb column_border_radius=\u00bbnone\u00bb width=\u00bb1\/2&#8243; tablet_text_alignment=\u00bbdefault\u00bb phone_text_alignment=\u00bbdefault\u00bb column_border_width=\u00bbnone\u00bb column_border_style=\u00bbsolid\u00bb delay=\u00bb300&#8243;][\/vc_column][\/vc_row]\n","protected":false},"excerpt":{"rendered":"<p>[vc_row type=\u00bbfull_width_content\u00bb full_screen_row_position=\u00bbmiddle\u00bb equal_height=\u00bbyes\u00bb content_placement=\u00bbmiddle\u00bb full_height=\u00bbyes\u00bb columns_placement=\u00bbstretch\u00bb scene_position=\u00bbcenter\u00bb text_color=\u00bbcustom\u00bb custom_text_color=\u00bb#424242&#8243; text_align=\u00bbleft\u00bb overlay_strength=\u00bb1&#8243; shape_divider_position=\u00bbbottom\u00bb shape_type=\u00bb\u00bb][vc_column column_padding=\u00bbpadding-5-percent\u00bb column_padding_position=\u00bball\u00bb background_color_opacity=\u00bb1&#8243; background_hover_color_opacity=\u00bb1&#8243; column_shadow=\u00bbnone\u00bb column_border_radius=\u00bbnone\u00bb width=\u00bb1\/2&#8243; tablet_text_alignment=\u00bbdefault\u00bb phone_text_alignment=\u00bbdefault\u00bb column_border_width=\u00bbnone\u00bb column_border_style=\u00bbsolid\u00bb][vc_row_inner column_margin=\u00bbdefault\u00bb text_align=\u00bbleft\u00bb][vc_column_inner enable_animation=\u00bbtrue\u00bb animation=\u00bbfade-in-from-bottom\u00bb column_padding=\u00bbno-extra-padding\u00bb&#8230;<\/p>\n","protected":false},"author":1,"featured_media":0,"parent":0,"menu_order":0,"comment_status":"closed","ping_status":"closed","template":"","meta":[],"_links":{"self":[{"href":"https:\/\/www.proyectopci.com.uy\/index.php\/wp-json\/wp\/v2\/pages\/43"}],"collection":[{"href":"https:\/\/www.proyectopci.com.uy\/index.php\/wp-json\/wp\/v2\/pages"}],"about":[{"href":"https:\/\/www.proyectopci.com.uy\/index.php\/wp-json\/wp\/v2\/types\/page"}],"author":[{"embeddable":true,"href":"https:\/\/www.proyectopci.com.uy\/index.php\/wp-json\/wp\/v2\/users\/1"}],"replies":[{"embeddable":true,"href":"https:\/\/www.proyectopci.com.uy\/index.php\/wp-json\/wp\/v2\/comments?post=43"}],"version-history":[{"count":15,"href":"https:\/\/www.proyectopci.com.uy\/index.php\/wp-json\/wp\/v2\/pages\/43\/revisions"}],"predecessor-version":[{"id":238,"href":"https:\/\/www.proyectopci.com.uy\/index.php\/wp-json\/wp\/v2\/pages\/43\/revisions\/238"}],"wp:attachment":[{"href":"https:\/\/www.proyectopci.com.uy\/index.php\/wp-json\/wp\/v2\/media?parent=43"}],"curies":[{"name":"wp","href":"https:\/\/api.w.org\/{rel}","templated":true}]}}