{"id":269,"date":"2018-08-22T15:43:24","date_gmt":"2018-08-22T18:43:24","guid":{"rendered":"https:\/\/www.proyectopci.com.uy\/?page_id=269"},"modified":"2018-08-22T15:43:24","modified_gmt":"2018-08-22T18:43:24","slug":"actividades","status":"publish","type":"page","link":"https:\/\/www.proyectopci.com.uy\/index.php\/actividades\/","title":{"rendered":"ACTIVIDADES"},"content":{"rendered":"[vc_row type=\u00bbfull_width_background\u00bb full_screen_row_position=\u00bbmiddle\u00bb scene_position=\u00bbcenter\u00bb text_color=\u00bbdark\u00bb text_align=\u00bbleft\u00bb top_padding=\u00bb6%\u00bb bottom_padding=\u00bb6%\u00bb overlay_strength=\u00bb0.3&#8243; shape_divider_position=\u00bbbottom\u00bb shape_type=\u00bb\u00bb][vc_column column_padding=\u00bbno-extra-padding\u00bb column_padding_position=\u00bball\u00bb background_color_opacity=\u00bb1&#8243; background_hover_color_opacity=\u00bb1&#8243; column_shadow=\u00bbnone\u00bb column_border_radius=\u00bbnone\u00bb width=\u00bb1\/1&#8243; tablet_text_alignment=\u00bbdefault\u00bb phone_text_alignment=\u00bbdefault\u00bb column_border_width=\u00bbnone\u00bb column_border_style=\u00bbsolid\u00bb]\t\r\n\t<div class=\"row\">\r\n\t\r\n\t <div class=\"post-area col  span_12 col_last masonry material  \" data-ams=\"\"> <div class=\"posts-container\" data-load-animation=\"fade_in_from_bottom\">\t\t\t\t\r\n\t\t\t\t\r\n<article id=\"post-340\" class=\"regular post-340 post type-post status-publish format-standard has-post-thumbnail category-actividades\">\r\n\r\n\t<div class=\"inner-wrap animated\">\r\n\r\n\t\t<div class=\"post-content\">\r\n\t\t\t\r\n\t\t\t\t\t\t\t\r\n\t\t\t\t\t\t\t\t\r\n\t\t\t\t\t\t\t\t\r\n\t\t\t\t\t\t\r\n\t\t\t\r\n\r\n\t\t\t\r\n\t\t\t\t<div class=\"content-inner\">\r\n\t\t\t\t\t\r\n\t\t\t\t\t <a class=\"entire-meta-link\" href=\"https:\/\/www.proyectopci.com.uy\/index.php\/2020\/09\/21\/capacitacion-en-diseno-de-sistemas-para-control-de-humos\/\"><\/a><a href=\"https:\/\/www.proyectopci.com.uy\/index.php\/2020\/09\/21\/capacitacion-en-diseno-de-sistemas-para-control-de-humos\/\"><span class=\"post-featured-img\"><img width=\"761\" height=\"444\" src=\"https:\/\/www.proyectopci.com.uy\/wp-content\/uploads\/2020\/09\/Foto-Curso-Control-Humos.jpg\" class=\"attachment-large size-large wp-post-image\" alt=\"\" loading=\"lazy\" title=\"\" srcset=\"https:\/\/www.proyectopci.com.uy\/wp-content\/uploads\/2020\/09\/Foto-Curso-Control-Humos.jpg 761w, https:\/\/www.proyectopci.com.uy\/wp-content\/uploads\/2020\/09\/Foto-Curso-Control-Humos-300x175.jpg 300w\" sizes=\"(max-width: 761px) 100vw, 761px\" \/><\/span><\/a>\t\t\t\t\t\r\n\t\t\t\t\t\t\t\t\t\t\t\r\n\t\t\t\t\t\t\r\n\t\t\t\t\t\t\t\r\n\t\t\t\t\t\t<span class=\"meta-category\"><a class=\"actividades\" href=\"https:\/\/www.proyectopci.com.uy\/index.php\/category\/actividades\/\">Actividades<\/a><\/span>\r\n\t\t\t\t\t\t<div class=\"article-content-wrap\">\r\n\t\t\t\t\t\t\t\r\n\t\t\t\t\t\t\t\t\t\t\t\t\t\t\t\t\t\t\r\n\t\t\t\t\t\t\t<div class=\"post-header\">\r\n\t\t\t\t\t\t\t\t\t\r\n\t\t\t\t\t\t\t\t<h3 class=\"title\">\r\n\t\t\t\t\t\t\t\t\t \r\n\t\t\t\t\t\t\t\t\t\t<a href=\"https:\/\/www.proyectopci.com.uy\/index.php\/2020\/09\/21\/capacitacion-en-diseno-de-sistemas-para-control-de-humos\/\">\t\t\t\t\t\t\t\t\t\t\tCAPACITACI\u00d3N EN DISE\u00d1O DE SISTEMAS PARA CONTROL DE HUMOS\t\t\t\t\t\t\t\t\t\t <\/a> \r\n\t\t\t\t\t\t\t\t\t\t\t\t\t\t\t\t\t<\/h3>\r\n\r\n\t\t\t\t\t\t\t\t\t\t\t\t\t\t\t<\/div><!--\/post-header-->\r\n\t\t\t\t\t\t<div class=\"excerpt\">Adapt\u00e1ndonos a la nueva realidad... continuamos capacit\u00e1ndonos con el fin de seguir mejorando nuestro servicio&hellip;<\/div><div class=\"grav-wrap\"><a href=\"https:\/\/www.proyectopci.com.uy\/index.php\/author\/pci-usuario\/\"><img alt='PCI' src='https:\/\/secure.gravatar.com\/avatar\/2a7fe12fce9e7b2c07671eb3bed58a3a?s=70&#038;d=mm&#038;r=g' srcset='https:\/\/secure.gravatar.com\/avatar\/2a7fe12fce9e7b2c07671eb3bed58a3a?s=140&#038;d=mm&#038;r=g 2x' class='avatar avatar-70 photo' height='70' width='70' loading='lazy'\/><\/a><div class=\"text\"><a href=\"https:\/\/www.proyectopci.com.uy\/index.php\/author\/pci-usuario\/\" rel=\"author\">PCI<\/a><span>septiembre 21, 2020<\/span><\/div><\/div>\t\t\t\t\t\t\t\r\n\t\t\t\t\t\t<\/div><!--article-content-wrap-->\r\n\r\n\t\t\t\t\t\t\t\t\t\t\r\n\t\t\t\t   \r\n\t\t\t\t\t\t\t\t\t\t\r\n\t\t\t\t\t\t\t\t\t\t\t\r\n\t\t\t\t<\/div><!--\/content-inner-->\r\n\r\n\t\t\t\t\t\t\r\n\t\t<\/div><!--\/post-content-->\r\n\r\n\t<\/div><!--\/inner-wrap-->\r\n\t\t\r\n<\/article><!--\/article-->\r\n\t\t\t\t\t\t\t\r\n\t\t\t\t\r\n<article id=\"post-305\" class=\"regular post-305 post type-post status-publish format-standard has-post-thumbnail category-actividades\">\r\n\r\n\t<div class=\"inner-wrap animated\">\r\n\r\n\t\t<div class=\"post-content\">\r\n\t\t\t\r\n\t\t\t\t\t\t\t\r\n\t\t\t\t\t\t\t\t\r\n\t\t\t\t\t\t\t\t\r\n\t\t\t\t\t\t\r\n\t\t\t\r\n\r\n\t\t\t\r\n\t\t\t\t<div class=\"content-inner\">\r\n\t\t\t\t\t\r\n\t\t\t\t\t <a class=\"entire-meta-link\" href=\"https:\/\/www.proyectopci.com.uy\/index.php\/2020\/09\/21\/participacion-en-intersec-buenos-aires\/\"><\/a><a href=\"https:\/\/www.proyectopci.com.uy\/index.php\/2020\/09\/21\/participacion-en-intersec-buenos-aires\/\"><span class=\"post-featured-img\"><img width=\"1024\" height=\"565\" src=\"https:\/\/www.proyectopci.com.uy\/wp-content\/uploads\/2018\/08\/NFPA-101-1024x565.jpg\" class=\"attachment-large size-large wp-post-image\" alt=\"\" loading=\"lazy\" title=\"\" srcset=\"https:\/\/www.proyectopci.com.uy\/wp-content\/uploads\/2018\/08\/NFPA-101-1024x565.jpg 1024w, https:\/\/www.proyectopci.com.uy\/wp-content\/uploads\/2018\/08\/NFPA-101-300x165.jpg 300w, https:\/\/www.proyectopci.com.uy\/wp-content\/uploads\/2018\/08\/NFPA-101-768x423.jpg 768w, https:\/\/www.proyectopci.com.uy\/wp-content\/uploads\/2018\/08\/NFPA-101-1536x847.jpg 1536w, https:\/\/www.proyectopci.com.uy\/wp-content\/uploads\/2018\/08\/NFPA-101-2048x1129.jpg 2048w\" sizes=\"(max-width: 1024px) 100vw, 1024px\" \/><\/span><\/a>\t\t\t\t\t\r\n\t\t\t\t\t\t\t\t\t\t\t\r\n\t\t\t\t\t\t\r\n\t\t\t\t\t\t\t\r\n\t\t\t\t\t\t<span class=\"meta-category\"><a class=\"actividades\" href=\"https:\/\/www.proyectopci.com.uy\/index.php\/category\/actividades\/\">Actividades<\/a><\/span>\r\n\t\t\t\t\t\t<div class=\"article-content-wrap\">\r\n\t\t\t\t\t\t\t\r\n\t\t\t\t\t\t\t\t\t\t\t\t\t\t\t\t\t\t\r\n\t\t\t\t\t\t\t<div class=\"post-header\">\r\n\t\t\t\t\t\t\t\t\t\r\n\t\t\t\t\t\t\t\t<h3 class=\"title\">\r\n\t\t\t\t\t\t\t\t\t \r\n\t\t\t\t\t\t\t\t\t\t<a href=\"https:\/\/www.proyectopci.com.uy\/index.php\/2020\/09\/21\/participacion-en-intersec-buenos-aires\/\">\t\t\t\t\t\t\t\t\t\t\tNFPA 101\t\t\t\t\t\t\t\t\t\t <\/a> \r\n\t\t\t\t\t\t\t\t\t\t\t\t\t\t\t\t\t<\/h3>\r\n\r\n\t\t\t\t\t\t\t\t\t\t\t\t\t\t\t<\/div><!--\/post-header-->\r\n\t\t\t\t\t\t<div class=\"excerpt\">Actualizaci\u00f3n C\u00f3digo de Seguridad Humana. Siempre pensando en mejorar nuestro asesoramiento para ofrecer un mejor&hellip;<\/div><div class=\"grav-wrap\"><a href=\"https:\/\/www.proyectopci.com.uy\/index.php\/author\/pci-usuario\/\"><img alt='PCI' src='https:\/\/secure.gravatar.com\/avatar\/2a7fe12fce9e7b2c07671eb3bed58a3a?s=70&#038;d=mm&#038;r=g' srcset='https:\/\/secure.gravatar.com\/avatar\/2a7fe12fce9e7b2c07671eb3bed58a3a?s=140&#038;d=mm&#038;r=g 2x' class='avatar avatar-70 photo' height='70' width='70' loading='lazy'\/><\/a><div class=\"text\"><a href=\"https:\/\/www.proyectopci.com.uy\/index.php\/author\/pci-usuario\/\" rel=\"author\">PCI<\/a><span>septiembre 21, 2020<\/span><\/div><\/div>\t\t\t\t\t\t\t\r\n\t\t\t\t\t\t<\/div><!--article-content-wrap-->\r\n\r\n\t\t\t\t\t\t\t\t\t\t\r\n\t\t\t\t   \r\n\t\t\t\t\t\t\t\t\t\t\r\n\t\t\t\t\t\t\t\t\t\t\t\r\n\t\t\t\t<\/div><!--\/content-inner-->\r\n\r\n\t\t\t\t\t\t\r\n\t\t<\/div><!--\/post-content-->\r\n\r\n\t<\/div><!--\/inner-wrap-->\r\n\t\t\r\n<\/article><!--\/article-->\r\n\t\t\t\t\t\t\t\r\n\t\t\t\t\r\n<article id=\"post-345\" class=\"regular post-345 post type-post status-publish format-standard has-post-thumbnail category-actividades\">\r\n\r\n\t<div class=\"inner-wrap animated\">\r\n\r\n\t\t<div class=\"post-content\">\r\n\t\t\t\r\n\t\t\t\t\t\t\t\r\n\t\t\t\t\t\t\t\t\r\n\t\t\t\t\t\t\t\t\r\n\t\t\t\t\t\t\r\n\t\t\t\r\n\r\n\t\t\t\r\n\t\t\t\t<div class=\"content-inner\">\r\n\t\t\t\t\t\r\n\t\t\t\t\t <a class=\"entire-meta-link\" href=\"https:\/\/www.proyectopci.com.uy\/index.php\/2020\/09\/21\/capacitacion-en-atmosferas-explosivas\/\"><\/a><a href=\"https:\/\/www.proyectopci.com.uy\/index.php\/2020\/09\/21\/capacitacion-en-atmosferas-explosivas\/\"><span class=\"post-featured-img\"><img width=\"876\" height=\"562\" src=\"https:\/\/www.proyectopci.com.uy\/wp-content\/uploads\/2020\/09\/SATT-Atmosferas-Explosivas.jpg\" class=\"attachment-large size-large wp-post-image\" alt=\"\" loading=\"lazy\" title=\"\" srcset=\"https:\/\/www.proyectopci.com.uy\/wp-content\/uploads\/2020\/09\/SATT-Atmosferas-Explosivas.jpg 876w, https:\/\/www.proyectopci.com.uy\/wp-content\/uploads\/2020\/09\/SATT-Atmosferas-Explosivas-300x192.jpg 300w, https:\/\/www.proyectopci.com.uy\/wp-content\/uploads\/2020\/09\/SATT-Atmosferas-Explosivas-768x493.jpg 768w\" sizes=\"(max-width: 876px) 100vw, 876px\" \/><\/span><\/a>\t\t\t\t\t\r\n\t\t\t\t\t\t\t\t\t\t\t\r\n\t\t\t\t\t\t\r\n\t\t\t\t\t\t\t\r\n\t\t\t\t\t\t<span class=\"meta-category\"><a class=\"actividades\" href=\"https:\/\/www.proyectopci.com.uy\/index.php\/category\/actividades\/\">Actividades<\/a><\/span>\r\n\t\t\t\t\t\t<div class=\"article-content-wrap\">\r\n\t\t\t\t\t\t\t\r\n\t\t\t\t\t\t\t\t\t\t\t\t\t\t\t\t\t\t\r\n\t\t\t\t\t\t\t<div class=\"post-header\">\r\n\t\t\t\t\t\t\t\t\t\r\n\t\t\t\t\t\t\t\t<h3 class=\"title\">\r\n\t\t\t\t\t\t\t\t\t \r\n\t\t\t\t\t\t\t\t\t\t<a href=\"https:\/\/www.proyectopci.com.uy\/index.php\/2020\/09\/21\/capacitacion-en-atmosferas-explosivas\/\">\t\t\t\t\t\t\t\t\t\t\tCAPACITACI\u00d3N EN ATM\u00d3SFERAS EXPLOSIVAS\t\t\t\t\t\t\t\t\t\t <\/a> \r\n\t\t\t\t\t\t\t\t\t\t\t\t\t\t\t\t\t<\/h3>\r\n\r\n\t\t\t\t\t\t\t\t\t\t\t\t\t\t\t<\/div><!--\/post-header-->\r\n\t\t\t\t\t\t<div class=\"excerpt\">Generando nuevos aportes desde el conocimiento, para dar un enfoque global a nuestros proyectos.<\/div><div class=\"grav-wrap\"><a href=\"https:\/\/www.proyectopci.com.uy\/index.php\/author\/pci-usuario\/\"><img alt='PCI' src='https:\/\/secure.gravatar.com\/avatar\/2a7fe12fce9e7b2c07671eb3bed58a3a?s=70&#038;d=mm&#038;r=g' srcset='https:\/\/secure.gravatar.com\/avatar\/2a7fe12fce9e7b2c07671eb3bed58a3a?s=140&#038;d=mm&#038;r=g 2x' class='avatar avatar-70 photo' height='70' width='70' loading='lazy'\/><\/a><div class=\"text\"><a href=\"https:\/\/www.proyectopci.com.uy\/index.php\/author\/pci-usuario\/\" rel=\"author\">PCI<\/a><span>septiembre 21, 2020<\/span><\/div><\/div>\t\t\t\t\t\t\t\r\n\t\t\t\t\t\t<\/div><!--article-content-wrap-->\r\n\r\n\t\t\t\t\t\t\t\t\t\t\r\n\t\t\t\t   \r\n\t\t\t\t\t\t\t\t\t\t\r\n\t\t\t\t\t\t\t\t\t\t\t\r\n\t\t\t\t<\/div><!--\/content-inner-->\r\n\r\n\t\t\t\t\t\t\r\n\t\t<\/div><!--\/post-content-->\r\n\r\n\t<\/div><!--\/inner-wrap-->\r\n\t\t\r\n<\/article><!--\/article-->\r\n\t\t\t\t\t\t\t\r\n\t\t\t\t\r\n<article id=\"post-320\" class=\"regular post-320 post type-post status-publish format-standard has-post-thumbnail category-actividades\">\r\n\r\n\t<div class=\"inner-wrap animated\">\r\n\r\n\t\t<div class=\"post-content\">\r\n\t\t\t\r\n\t\t\t\t\t\t\t\r\n\t\t\t\t\t\t\t\t\r\n\t\t\t\t\t\t\t\t\r\n\t\t\t\t\t\t\r\n\t\t\t\r\n\r\n\t\t\t\r\n\t\t\t\t<div class=\"content-inner\">\r\n\t\t\t\t\t\r\n\t\t\t\t\t <a class=\"entire-meta-link\" href=\"https:\/\/www.proyectopci.com.uy\/index.php\/2020\/09\/21\/cursos-2018\/\"><\/a><a href=\"https:\/\/www.proyectopci.com.uy\/index.php\/2020\/09\/21\/cursos-2018\/\"><span class=\"post-featured-img\"><img width=\"864\" height=\"541\" src=\"https:\/\/www.proyectopci.com.uy\/wp-content\/uploads\/2019\/01\/NFPA-72.jpg\" class=\"attachment-large size-large wp-post-image\" alt=\"\" loading=\"lazy\" title=\"\" srcset=\"https:\/\/www.proyectopci.com.uy\/wp-content\/uploads\/2019\/01\/NFPA-72.jpg 864w, https:\/\/www.proyectopci.com.uy\/wp-content\/uploads\/2019\/01\/NFPA-72-300x188.jpg 300w, https:\/\/www.proyectopci.com.uy\/wp-content\/uploads\/2019\/01\/NFPA-72-768x481.jpg 768w\" sizes=\"(max-width: 864px) 100vw, 864px\" \/><\/span><\/a>\t\t\t\t\t\r\n\t\t\t\t\t\t\t\t\t\t\t\r\n\t\t\t\t\t\t\r\n\t\t\t\t\t\t\t\r\n\t\t\t\t\t\t<span class=\"meta-category\"><a class=\"actividades\" href=\"https:\/\/www.proyectopci.com.uy\/index.php\/category\/actividades\/\">Actividades<\/a><\/span>\r\n\t\t\t\t\t\t<div class=\"article-content-wrap\">\r\n\t\t\t\t\t\t\t\r\n\t\t\t\t\t\t\t\t\t\t\t\t\t\t\t\t\t\t\r\n\t\t\t\t\t\t\t<div class=\"post-header\">\r\n\t\t\t\t\t\t\t\t\t\r\n\t\t\t\t\t\t\t\t<h3 class=\"title\">\r\n\t\t\t\t\t\t\t\t\t \r\n\t\t\t\t\t\t\t\t\t\t<a href=\"https:\/\/www.proyectopci.com.uy\/index.php\/2020\/09\/21\/cursos-2018\/\">\t\t\t\t\t\t\t\t\t\t\tCAPACITACI\u00d3N NFPA 72\t\t\t\t\t\t\t\t\t\t <\/a> \r\n\t\t\t\t\t\t\t\t\t\t\t\t\t\t\t\t\t<\/h3>\r\n\r\n\t\t\t\t\t\t\t\t\t\t\t\t\t\t\t<\/div><!--\/post-header-->\r\n\t\t\t\t\t\t<div class=\"excerpt\">Actualizamos nuestra capacitaci\u00f3n sobre C\u00f3digo Nacional de Alarmas de Incendio y Se\u00f1alizaci\u00f3n, siempre pensando en&hellip;<\/div><div class=\"grav-wrap\"><a href=\"https:\/\/www.proyectopci.com.uy\/index.php\/author\/pci-usuario\/\"><img alt='PCI' src='https:\/\/secure.gravatar.com\/avatar\/2a7fe12fce9e7b2c07671eb3bed58a3a?s=70&#038;d=mm&#038;r=g' srcset='https:\/\/secure.gravatar.com\/avatar\/2a7fe12fce9e7b2c07671eb3bed58a3a?s=140&#038;d=mm&#038;r=g 2x' class='avatar avatar-70 photo' height='70' width='70' loading='lazy'\/><\/a><div class=\"text\"><a href=\"https:\/\/www.proyectopci.com.uy\/index.php\/author\/pci-usuario\/\" rel=\"author\">PCI<\/a><span>septiembre 21, 2020<\/span><\/div><\/div>\t\t\t\t\t\t\t\r\n\t\t\t\t\t\t<\/div><!--article-content-wrap-->\r\n\r\n\t\t\t\t\t\t\t\t\t\t\r\n\t\t\t\t   \r\n\t\t\t\t\t\t\t\t\t\t\r\n\t\t\t\t\t\t\t\t\t\t\t\r\n\t\t\t\t<\/div><!--\/content-inner-->\r\n\r\n\t\t\t\t\t\t\r\n\t\t<\/div><!--\/post-content-->\r\n\r\n\t<\/div><!--\/inner-wrap-->\r\n\t\t\r\n<\/article><!--\/article-->\r\n\t\t\t\t\t\t\r\n\t\t\t<\/div><!--\/posts container-->\r\n\t\t\t\r\n\t\t\t\t\t\r\n\t\t<\/div><!--\/span_9-->\r\n\t\t\r\n\t\t\r\n\t<\/div>\r\n\t\r\n\t[\/vc_column][\/vc_row]\n","protected":false},"excerpt":{"rendered":"<p>[vc_row type=\u00bbfull_width_background\u00bb full_screen_row_position=\u00bbmiddle\u00bb scene_position=\u00bbcenter\u00bb text_color=\u00bbdark\u00bb text_align=\u00bbleft\u00bb top_padding=\u00bb6%\u00bb bottom_padding=\u00bb6%\u00bb overlay_strength=\u00bb0.3&#8243; shape_divider_position=\u00bbbottom\u00bb shape_type=\u00bb\u00bb][vc_column column_padding=\u00bbno-extra-padding\u00bb column_padding_position=\u00bball\u00bb background_color_opacity=\u00bb1&#8243; background_hover_color_opacity=\u00bb1&#8243; column_shadow=\u00bbnone\u00bb column_border_radius=\u00bbnone\u00bb width=\u00bb1\/1&#8243; tablet_text_alignment=\u00bbdefault\u00bb phone_text_alignment=\u00bbdefault\u00bb column_border_width=\u00bbnone\u00bb column_border_style=\u00bbsolid\u00bb][\/vc_column][\/vc_row]<\/p>\n","protected":false},"author":1,"featured_media":0,"parent":0,"menu_order":0,"comment_status":"closed","ping_status":"closed","template":"","meta":[],"_links":{"self":[{"href":"https:\/\/www.proyectopci.com.uy\/index.php\/wp-json\/wp\/v2\/pages\/269"}],"collection":[{"href":"https:\/\/www.proyectopci.com.uy\/index.php\/wp-json\/wp\/v2\/pages"}],"about":[{"href":"https:\/\/www.proyectopci.com.uy\/index.php\/wp-json\/wp\/v2\/types\/page"}],"author":[{"embeddable":true,"href":"https:\/\/www.proyectopci.com.uy\/index.php\/wp-json\/wp\/v2\/users\/1"}],"replies":[{"embeddable":true,"href":"https:\/\/www.proyectopci.com.uy\/index.php\/wp-json\/wp\/v2\/comments?post=269"}],"version-history":[{"count":1,"href":"https:\/\/www.proyectopci.com.uy\/index.php\/wp-json\/wp\/v2\/pages\/269\/revisions"}],"predecessor-version":[{"id":270,"href":"https:\/\/www.proyectopci.com.uy\/index.php\/wp-json\/wp\/v2\/pages\/269\/revisions\/270"}],"wp:attachment":[{"href":"https:\/\/www.proyectopci.com.uy\/index.php\/wp-json\/wp\/v2\/media?parent=269"}],"curies":[{"name":"wp","href":"https:\/\/api.w.org\/{rel}","templated":true}]}}