{"id":2,"date":"2018-06-01T17:05:47","date_gmt":"2018-06-01T17:05:47","guid":{"rendered":"https:\/\/www.proyectopci.com.uy\/?page_id=2"},"modified":"2018-07-23T13:32:28","modified_gmt":"2018-07-23T16:32:28","slug":"inicio","status":"publish","type":"page","link":"https:\/\/www.proyectopci.com.uy\/","title":{"rendered":"Inicio"},"content":{"rendered":"[vc_row type=\u00bbin_container\u00bb full_screen_row_position=\u00bbmiddle\u00bb scene_position=\u00bbcenter\u00bb text_color=\u00bbdark\u00bb text_align=\u00bbleft\u00bb overlay_strength=\u00bb0.3&#8243; enable_shape_divider=\u00bbtrue\u00bb shape_divider_color=\u00bb#ffffff\u00bb shape_divider_position=\u00bbbottom\u00bb shape_divider_height=\u00bb70&#8243; shape_divider_bring_to_front=\u00bbtrue\u00bb shape_type=\u00bbcurve_opacity\u00bb][vc_column column_padding=\u00bbno-extra-padding\u00bb column_padding_position=\u00bball\u00bb background_color_opacity=\u00bb1&#8243; background_hover_color_opacity=\u00bb1&#8243; column_shadow=\u00bbnone\u00bb column_border_radius=\u00bbnone\u00bb width=\u00bb1\/1&#8243; tablet_text_alignment=\u00bbdefault\u00bb phone_text_alignment=\u00bbdefault\u00bb column_border_width=\u00bbnone\u00bb column_border_style=\u00bbsolid\u00bb]<div style=\"height: 650px\" data-midnight=\"nectar-slider\" class=\"parallax_slider_outer \"><div style=\"height: 650px\"  data-transition=\"fade\" data-overall_style=\"classic\" data-flexible-height=\"\" data-animate-in-effect=\"none\" data-fullscreen=\"false\" data-button-sizing=\"regular\" data-button-styling=\"btn_with_count\" data-autorotate=\"8000\" data-parallax=\"true\" data-full-width=\"true\" class=\"nectar-slider-wrap \" id=\"ns-id-69f3ff067fa66\">\r\n\t\t\t<div style=\"height: 650px\" class=\"swiper-container\"  data-tho=\"auto\" data-tco=\"auto\" data-pho=\"auto\" data-pco=\"auto\" data-loop=\"true\" data-height=\"650\" data-min-height=\"\" data-arrows=\"true\" data-bullets=\"false\" data-bullet_style=\"see_through\" data-desktop-swipe=\"false\" data-settings=\"\">\r\n\t\t\t\t    <div class=\"swiper-wrapper\"><div class=\"swiper-slide\" data-bg-alignment=\"center\" data-color-scheme=\"light\" data-x-pos=\"left\" data-y-pos=\"middle\"> \r\n\t\t\t\t\t\t\t\t<div class=\"image-bg\" style=\"background-image: url(https:\/\/www.proyectopci.com.uy\/wp-content\/uploads\/2018\/07\/19.jpg);\"> &nbsp; <\/div><div class=\"container\">\r\n\t\t\t\t\t\t\t\t\t<div class=\"content\"><h2>Asesoramiento<\/h2><\/div>\r\n\t\t\t\t\t\t\t\t<\/div><!--\/container--><a href=\"#\" class=\"slider-down-arrow\"><i class=\"icon-salient-down-arrow icon-default-style\"> <span class=\"ie-fix\"><\/span> <\/i><\/a><div class=\"video-texture active_texture\"> <span class=\"ie-fix\"><\/span> <\/div><\/div><!--\/swiper-slide--><div class=\"swiper-slide\" data-bg-alignment=\"center\" data-color-scheme=\"light\" data-x-pos=\"left\" data-y-pos=\"middle\"> \r\n\t\t\t\t\t\t\t\t<div class=\"image-bg\" style=\"background-image: url(https:\/\/www.proyectopci.com.uy\/wp-content\/uploads\/2018\/07\/auditorias.jpg);\"> &nbsp; <\/div><div class=\"container\">\r\n\t\t\t\t\t\t\t\t\t<div class=\"content\"><h2>AUDITORIAS<\/h2><\/div>\r\n\t\t\t\t\t\t\t\t<\/div><!--\/container--><a href=\"#\" class=\"slider-down-arrow\"><i class=\"icon-salient-down-arrow icon-default-style\"> <span class=\"ie-fix\"><\/span> <\/i><\/a><div class=\"video-texture active_texture\"> <span class=\"ie-fix\"><\/span> <\/div><\/div><!--\/swiper-slide--><div class=\"swiper-slide\" data-bg-alignment=\"center\" data-color-scheme=\"light\" data-x-pos=\"left\" data-y-pos=\"middle\"> \r\n\t\t\t\t\t\t\t\t<div class=\"image-bg\" style=\"background-image: url(https:\/\/www.proyectopci.com.uy\/wp-content\/uploads\/2018\/07\/proyectos-1.jpg);\"> &nbsp; <\/div><div class=\"container\">\r\n\t\t\t\t\t\t\t\t\t<div class=\"content\"><h2>PROYECTOS<\/h2><\/div>\r\n\t\t\t\t\t\t\t\t<\/div><!--\/container--><div class=\"video-texture active_texture\"> <span class=\"ie-fix\"><\/span> <\/div><\/div><!--\/swiper-slide--><div class=\"swiper-slide\" data-bg-alignment=\"center\" data-color-scheme=\"light\" data-x-pos=\"left\" data-y-pos=\"middle\"> \r\n\t\t\t\t\t\t\t\t<div class=\"image-bg\" style=\"background-image: url(https:\/\/www.proyectopci.com.uy\/wp-content\/uploads\/2018\/07\/direccion-2.jpg);\"> &nbsp; <\/div><div class=\"container\">\r\n\t\t\t\t\t\t\t\t\t<div class=\"content\"><h2>DIRECCI\u00d3N DE OBRA<\/h2><\/div>\r\n\t\t\t\t\t\t\t\t<\/div><!--\/container--><div class=\"video-texture active_texture\"> <span class=\"ie-fix\"><\/span> <\/div><\/div><!--\/swiper-slide--><\/div><a href=\"\" class=\"slider-prev\"><i class=\"icon-salient-left-arrow\"><\/i> <div class=\"slide-count\"> <span class=\"slide-current\">1<\/span> <i class=\"icon-salient-right-line\"><\/i> <span class=\"slide-total\"><\/span> <\/div> <\/a>\r\n\t\t\t\t     \t\t<a href=\"\" class=\"slider-next\"><i class=\"icon-salient-right-arrow\"><\/i> <div class=\"slide-count\"> <span class=\"slide-current\">1<\/span> <i class=\"icon-salient-right-line\"><\/i> <span class=\"slide-total\"><\/span> <\/div> <\/a><div class=\"nectar-slider-loading \"> <span class=\"loading-icon spin\">   <\/span> <\/div> <\/div> \r\n\t\t\t\t\r\n\t\t\t<\/div><\/div>[\/vc_column][\/vc_row][vc_row type=\u00bbfull_width_background\u00bb full_screen_row_position=\u00bbmiddle\u00bb scene_position=\u00bbcenter\u00bb text_color=\u00bbdark\u00bb text_align=\u00bbleft\u00bb top_padding=\u00bb5%\u00bb bottom_padding=\u00bb5%\u00bb id=\u00bbcreative-services\u00bb overlay_strength=\u00bb0.3&#8243; shape_divider_position=\u00bbbottom\u00bb shape_type=\u00bb\u00bb][vc_column enable_animation=\u00bbtrue\u00bb animation=\u00bbfade-in\u00bb column_padding=\u00bbpadding-2-percent\u00bb column_padding_position=\u00bbtop-right\u00bb background_color_opacity=\u00bb1&#8243; background_hover_color_opacity=\u00bb1&#8243; column_shadow=\u00bbnone\u00bb column_border_radius=\u00bbnone\u00bb width=\u00bb1\/4&#8243; tablet_text_alignment=\u00bbdefault\u00bb phone_text_alignment=\u00bbdefault\u00bb column_border_width=\u00bbnone\u00bb column_border_style=\u00bbsolid\u00bb delay=\u00bb150&#8243;][vc_column_text css=\u00bb.vc_custom_1530136319420{margin-bottom: 15px !important;}\u00bb]\n<h3>Servicios<\/h3>\n<h5>Nos ubicamos en un punto estrat\u00e9gico de la ciudad de Montevideo, para posibilitar la realizaci\u00f3n de gestiones de forma \u00e1gil y eficaz, y con capacidad para atender el interior del pa\u00eds con la misma solvencia.<\/h5>\n[\/vc_column_text][nectar_btn size=\u00bblarge\u00bb button_style=\u00bbsee-through-2&#8243; color_override=\u00bb#5a367a\u00bb hover_color_override=\u00bb#5a367a\u00bb hover_text_color_override=\u00bb#ffffff\u00bb icon_family=\u00bbdefault_arrow\u00bb url=\u00bb\/index.php\/contacto\/\u00bb text=\u00bbVer m\u00e1s\u00bb margin_top=\u00bb15&#8243;][\/vc_column][vc_column column_padding=\u00bbno-extra-padding\u00bb column_padding_position=\u00bball\u00bb background_color_opacity=\u00bb1&#8243; background_hover_color_opacity=\u00bb1&#8243; column_shadow=\u00bbnone\u00bb column_border_radius=\u00bbnone\u00bb width=\u00bb3\/4&#8243; tablet_text_alignment=\u00bbdefault\u00bb phone_text_alignment=\u00bbdefault\u00bb column_border_width=\u00bbnone\u00bb column_border_style=\u00bbsolid\u00bb][vc_row_inner content_placement=\u00bbtop\u00bb column_margin=\u00bbnone\u00bb text_align=\u00bbcenter\u00bb][vc_column_inner column_padding=\u00bbpadding-2-percent\u00bb column_padding_position=\u00bball\u00bb background_color_opacity=\u00bb1&#8243; background_hover_color_opacity=\u00bb1&#8243; column_shadow=\u00bbnone\u00bb column_border_radius=\u00bbnone\u00bb width=\u00bb1\/4&#8243; column_border_width=\u00bbnone\u00bb column_border_style=\u00bbsolid\u00bb][fancy_box box_style=\u00bbcolor_box_basic\u00bb icon_family=\u00bbiconsmind\u00bb box_color=\u00bb#5a367a\u00bb content_color=\u00bb#c5f963&#8243; box_color_opacity=\u00bb0.6&#8243; box_alignment=\u00bbleft\u00bb enable_animation=\u00bbtrue\u00bb animation=\u00bbfade-in-from-bottom\u00bb color_scheme=\u00bbnone\u00bb secondary_content=\u00bbhere&#8217;s some awesome text that would only be shown on hover\u00bb min_height=\u00bb160&#8243; link_url=\u00bb\/index.php\/servicios-listado\/#seguridad\u00bb icon_iconsmind=\u00bbiconsmind-Fire-Flame2&#8243; css=\u00bb.vc_custom_1530725004286{padding-top: 15% !important;padding-right: 15% !important;padding-bottom: 15% !important;padding-left: 15% !important;}\u00bb icon_size=\u00bb60&#8243;]\n<h4>Seguridad contra incendios<\/h4>\n[\/fancy_box][fancy_box box_style=\u00bbcolor_box_basic\u00bb icon_family=\u00bbiconsmind\u00bb box_color=\u00bb#5a367a\u00bb content_color=\u00bb#c5f963&#8243; box_color_opacity=\u00bb1&#8243; box_alignment=\u00bbleft\u00bb enable_animation=\u00bbtrue\u00bb animation=\u00bbfade-in-from-bottom\u00bb color_scheme=\u00bbnone\u00bb secondary_content=\u00bbhere&#8217;s some awesome text that would only be shown on hover\u00bb min_height=\u00bb160&#8243; link_url=\u00bb\/index.php\/servicios-listado\/#bromatologia\u00bb icon_iconsmind=\u00bbiconsmind-Microscope\u00bb delay=\u00bb100&#8243; css=\u00bb.vc_custom_1530725011715{padding-top: 15% !important;padding-right: 15% !important;padding-bottom: 15% !important;padding-left: 15% !important;}\u00bb icon_size=\u00bb60&#8243;]\n<h4>Habilitaci\u00f3n Bromatol\u00f3gica<\/h4>\n[\/fancy_box][\/vc_column_inner][vc_column_inner column_padding=\u00bbpadding-2-percent\u00bb column_padding_position=\u00bball\u00bb background_color_opacity=\u00bb1&#8243; background_hover_color_opacity=\u00bb1&#8243; column_shadow=\u00bbnone\u00bb column_border_radius=\u00bbnone\u00bb width=\u00bb1\/4&#8243; column_border_width=\u00bbnone\u00bb column_border_style=\u00bbsolid\u00bb][fancy_box box_style=\u00bbcolor_box_basic\u00bb icon_family=\u00bbiconsmind\u00bb box_color=\u00bb#5a367a\u00bb content_color=\u00bb#c5f963&#8243; box_color_opacity=\u00bb1&#8243; box_alignment=\u00bbleft\u00bb enable_animation=\u00bbtrue\u00bb animation=\u00bbfade-in-from-bottom\u00bb color_scheme=\u00bbnone\u00bb secondary_content=\u00bbhere&#8217;s some awesome text that would only be shown on hover\u00bb min_height=\u00bb160&#8243; link_url=\u00bb\/index.php\/servicios-listado\/#evacuacion\u00bb icon_iconsmind=\u00bbiconsmind-Arrow-OutsideGap45&#8243; css=\u00bb.vc_custom_1530725019922{padding-top: 15% !important;padding-right: 15% !important;padding-bottom: 15% !important;padding-left: 15% !important;}\u00bb delay=\u00bb100&#8243; icon_size=\u00bb60&#8243;]\n<h4>Planes de evacuaci\u00f3n<\/h4>\n[\/fancy_box][fancy_box box_style=\u00bbcolor_box_basic\u00bb icon_family=\u00bbiconsmind\u00bb box_color=\u00bb#5a367a\u00bb content_color=\u00bb#c5f963&#8243; box_color_opacity=\u00bb1&#8243; box_alignment=\u00bbleft\u00bb enable_animation=\u00bbtrue\u00bb animation=\u00bbfade-in-from-bottom\u00bb color_scheme=\u00bbnone\u00bb secondary_content=\u00bbhere&#8217;s some awesome text that would only be shown on hover\u00bb min_height=\u00bb160&#8243; link_url=\u00bb\/index.php\/servicios-listado\/#alimentaria\u00bb icon_iconsmind=\u00bbiconsmind-Fruits\u00bb css=\u00bb.vc_custom_1530725028508{padding-top: 15% !important;padding-right: 15% !important;padding-bottom: 15% !important;padding-left: 15% !important;}\u00bb icon_size=\u00bb60&#8243;]\n<h4>Inocuidad alimentaria<\/h4>\n[\/fancy_box][\/vc_column_inner][vc_column_inner column_padding=\u00bbpadding-2-percent\u00bb column_padding_position=\u00bball\u00bb background_color_opacity=\u00bb1&#8243; background_hover_color_opacity=\u00bb1&#8243; column_shadow=\u00bbnone\u00bb column_border_radius=\u00bbnone\u00bb width=\u00bb1\/4&#8243; column_border_width=\u00bbnone\u00bb column_border_style=\u00bbsolid\u00bb][fancy_box box_style=\u00bbcolor_box_basic\u00bb icon_family=\u00bbiconsmind\u00bb box_color=\u00bb#5a367a\u00bb content_color=\u00bb#c5f963&#8243; box_color_opacity=\u00bb1&#8243; box_alignment=\u00bbleft\u00bb enable_animation=\u00bbtrue\u00bb animation=\u00bbfade-in-from-bottom\u00bb color_scheme=\u00bbnone\u00bb secondary_content=\u00bbhere&#8217;s some awesome text that would only be shown on hover\u00bb min_height=\u00bb160&#8243; link_url=\u00bb\/index.php\/servicios-listado\/#comercial\u00bb icon_iconsmind=\u00bbiconsmind-Shop\u00bb css=\u00bb.vc_custom_1530725076265{padding-top: 15% !important;padding-right: 15% !important;padding-bottom: 15% !important;padding-left: 15% !important;}\u00bb delay=\u00bb200&#8243; icon_size=\u00bb60&#8243;]\n<h4>Habilitaci\u00f3n Comercial<\/h4>\n[\/fancy_box][fancy_box box_style=\u00bbcolor_box_basic\u00bb icon_family=\u00bbiconsmind\u00bb box_color=\u00bb#5a367a\u00bb content_color=\u00bb#c5f963&#8243; box_color_opacity=\u00bb1&#8243; box_alignment=\u00bbleft\u00bb enable_animation=\u00bbtrue\u00bb animation=\u00bbfade-in-from-bottom\u00bb color_scheme=\u00bbnone\u00bb secondary_content=\u00bbhere&#8217;s some awesome text that would only be shown on hover\u00bb min_height=\u00bb160&#8243; link_url=\u00bb\/index.php\/servicios-listado\/#auditorias\u00bb icon_iconsmind=\u00bbiconsmind-Check\u00bb delay=\u00bb200&#8243; css=\u00bb.vc_custom_1530725059815{padding-top: 15% !important;padding-right: 15% !important;padding-bottom: 15% !important;padding-left: 15% !important;}\u00bb icon_size=\u00bb60&#8243;]\n<h4>Auditor\u00edas<\/h4>\n[\/fancy_box][\/vc_column_inner][vc_column_inner column_padding=\u00bbpadding-2-percent\u00bb column_padding_position=\u00bball\u00bb background_color_opacity=\u00bb1&#8243; background_hover_color_opacity=\u00bb1&#8243; column_shadow=\u00bbnone\u00bb column_border_radius=\u00bbnone\u00bb width=\u00bb1\/4&#8243; column_border_width=\u00bbnone\u00bb column_border_style=\u00bbsolid\u00bb][fancy_box box_style=\u00bbcolor_box_basic\u00bb icon_family=\u00bbiconsmind\u00bb box_color=\u00bb#5a367a\u00bb content_color=\u00bb#c5f963&#8243; box_color_opacity=\u00bb1&#8243; box_alignment=\u00bbleft\u00bb enable_animation=\u00bbtrue\u00bb animation=\u00bbfade-in-from-bottom\u00bb color_scheme=\u00bbnone\u00bb secondary_content=\u00bbhere&#8217;s some awesome text that would only be shown on hover\u00bb min_height=\u00bb160&#8243; link_url=\u00bb\/index.php\/servicios-listado\/#instalaciones\u00bb icon_iconsmind=\u00bbiconsmind-Electricity\u00bb delay=\u00bb200&#8243; css=\u00bb.vc_custom_1530725068581{padding-top: 15% !important;padding-right: 15% !important;padding-bottom: 15% !important;padding-left: 15% !important;}\u00bb icon_size=\u00bb60&#8243;]\n<h4>Servicio de Instalaciones Mec\u00e1nicas y El\u00e9ctricas<\/h4>\n[\/fancy_box][fancy_box box_style=\u00bbcolor_box_basic\u00bb icon_family=\u00bbiconsmind\u00bb box_color=\u00bb#5a367a\u00bb content_color=\u00bb#c5f963&#8243; box_color_opacity=\u00bb1&#8243; box_alignment=\u00bbleft\u00bb enable_animation=\u00bbtrue\u00bb animation=\u00bbfade-in-from-bottom\u00bb color_scheme=\u00bbnone\u00bb secondary_content=\u00bbhere&#8217;s some awesome text that would only be shown on hover\u00bb min_height=\u00bb160&#8243; link_url=\u00bb\/index.php\/servicios-listado\/#reciclaje\u00bb icon_iconsmind=\u00bbiconsmind-Recycling-2&#8243; delay=\u00bb200&#8243; css=\u00bb.vc_custom_1532363545024{padding-top: 15% !important;padding-right: 15% !important;padding-bottom: 15% !important;padding-left: 15% !important;}\u00bb icon_size=\u00bb60&#8243;]\n<h4>Plan de Gesti\u00f3n de Residuos S\u00f3lidos<\/h4>\n[\/fancy_box][\/vc_column_inner][\/vc_row_inner][\/vc_column][\/vc_row]\n","protected":false},"excerpt":{"rendered":"<p>[vc_row type=\u00bbin_container\u00bb full_screen_row_position=\u00bbmiddle\u00bb scene_position=\u00bbcenter\u00bb text_color=\u00bbdark\u00bb text_align=\u00bbleft\u00bb overlay_strength=\u00bb0.3&#8243; enable_shape_divider=\u00bbtrue\u00bb shape_divider_color=\u00bb#ffffff\u00bb shape_divider_position=\u00bbbottom\u00bb shape_divider_height=\u00bb70&#8243; shape_divider_bring_to_front=\u00bbtrue\u00bb shape_type=\u00bbcurve_opacity\u00bb][vc_column column_padding=\u00bbno-extra-padding\u00bb column_padding_position=\u00bball\u00bb background_color_opacity=\u00bb1&#8243; background_hover_color_opacity=\u00bb1&#8243; column_shadow=\u00bbnone\u00bb column_border_radius=\u00bbnone\u00bb width=\u00bb1\/1&#8243; tablet_text_alignment=\u00bbdefault\u00bb phone_text_alignment=\u00bbdefault\u00bb column_border_width=\u00bbnone\u00bb column_border_style=\u00bbsolid\u00bb][\/vc_column][\/vc_row][vc_row type=\u00bbfull_width_background\u00bb full_screen_row_position=\u00bbmiddle\u00bb scene_position=\u00bbcenter\u00bb text_color=\u00bbdark\u00bb text_align=\u00bbleft\u00bb top_padding=\u00bb5%\u00bb&#8230;<\/p>\n","protected":false},"author":1,"featured_media":0,"parent":0,"menu_order":0,"comment_status":"closed","ping_status":"open","template":"","meta":[],"_links":{"self":[{"href":"https:\/\/www.proyectopci.com.uy\/index.php\/wp-json\/wp\/v2\/pages\/2"}],"collection":[{"href":"https:\/\/www.proyectopci.com.uy\/index.php\/wp-json\/wp\/v2\/pages"}],"about":[{"href":"https:\/\/www.proyectopci.com.uy\/index.php\/wp-json\/wp\/v2\/types\/page"}],"author":[{"embeddable":true,"href":"https:\/\/www.proyectopci.com.uy\/index.php\/wp-json\/wp\/v2\/users\/1"}],"replies":[{"embeddable":true,"href":"https:\/\/www.proyectopci.com.uy\/index.php\/wp-json\/wp\/v2\/comments?post=2"}],"version-history":[{"count":44,"href":"https:\/\/www.proyectopci.com.uy\/index.php\/wp-json\/wp\/v2\/pages\/2\/revisions"}],"predecessor-version":[{"id":246,"href":"https:\/\/www.proyectopci.com.uy\/index.php\/wp-json\/wp\/v2\/pages\/2\/revisions\/246"}],"wp:attachment":[{"href":"https:\/\/www.proyectopci.com.uy\/index.php\/wp-json\/wp\/v2\/media?parent=2"}],"curies":[{"name":"wp","href":"https:\/\/api.w.org\/{rel}","templated":true}]}}